{"id":93,"date":"2023-06-30T09:44:25","date_gmt":"2023-06-30T07:44:25","guid":{"rendered":"https:\/\/ivanmart.es\/?page_id=93"},"modified":"2023-06-30T09:44:29","modified_gmt":"2023-06-30T07:44:29","slug":"politica-de-cookies","status":"publish","type":"page","link":"https:\/\/ivanmart.es\/index.php\/politica-de-cookies\/","title":{"rendered":"Pol\u00edtica de Cookies"},"content":{"rendered":"\n<p>A trav\u00e9s de este sitio web no se recaban datos de car\u00e1cter personal de los usuarios sin su conocimiento, ni se ceden a terceros.<\/p>\n\n\n\n<p>Con la finalidad de ofrecerle el mejor servicio y con el objeto de facilitar el uso, se analizan el n\u00famero de p\u00e1ginas visitadas, el n\u00famero de visitas, as\u00ed como la actividad de los visitantes y su frecuencia de utilizaci\u00f3n. A estos efectos, Ivanmart, S L utiliza la informaci\u00f3n estad\u00edstica elaborada por el Proveedor de Servicios de Internet.<\/p>\n\n\n\n<p>Ivanmart, S L no utiliza cookies para recoger informaci\u00f3n de los usuarios, ni registra las direcciones IP de acceso. \u00danicamente se utilizan cookies propias,\u00a0de sesi\u00f3n, con finalidad t\u00e9cnica (aquellas que permiten al usuario la navegaci\u00f3n a trav\u00e9s del sitio web y la utilizaci\u00f3n de las diferentes opciones y servicios que en ella existen).<\/p>\n\n\n\n<p>El portal del que es titular la Ivanmart, S L contiene enlaces a sitios web de terceros, cuyas pol\u00edticas de privacidad son ajenas a nosotros. Al acceder a tales sitios web usted puede decidir si acepta sus pol\u00edticas de privacidad y de cookies. Con car\u00e1cter general, si navega por internet usted puede aceptar o rechazar las cookies de terceros desde las opciones de configuraci\u00f3n de su navegador.<\/p>\n\n\n\n<p>\u00bfC\u00f3mo desactivar las cookies?<\/p>\n\n\n\n<p>Puede permitir, bloquear o eliminar las cookies en su ordenador configurando las opciones del navegador.<\/p>\n\n\n\n<ul class=\"wp-block-list\">\n<li>Para obtener m\u00e1s informaci\u00f3n sobre Google Chrome &#8211;&nbsp;<a href=\"https:\/\/support.google.com\/chrome\/answer\/95647?hl=es\" target=\"_blank\" rel=\"noreferrer noopener\">haga clic aqu\u00ed<\/a><\/li>\n\n\n\n<li>Para obtener m\u00e1s informaci\u00f3n acerca de Firefox &#8211;&nbsp;<a href=\"https:\/\/support.mozilla.org\/es\/kb\/Borrar%20cookies\" target=\"_blank\" rel=\"noreferrer noopener\">haga clic aqu\u00ed<\/a><\/li>\n\n\n\n<li>Para obtener m\u00e1s informaci\u00f3n acerca de Opera &#8211;&nbsp; <a href=\"http:\/\/help.opera.com\/Linux\/10.60\/es-ES\/cookies.html\" target=\"_blank\" rel=\"noreferrer noopener\">haga clic aqu\u00ed<\/a><\/li>\n\n\n\n<li>Para obtener m\u00e1s informaci\u00f3n acerca de Internet Explorer &#8211;&nbsp;<a href=\"http:\/\/windows.microsoft.com\/es-es\/windows7\/how-to-manage-cookies-in-internet-explorer-9\" target=\"_blank\" rel=\"noreferrer noopener\">haga clic aqu\u00ed<\/a><\/li>\n\n\n\n<li>Para obtener m\u00e1s informaci\u00f3n sobre Safari &#8211;&nbsp;<a href=\"http:\/\/support.apple.com\/kb\/ht1677?viewlocale=es_ES\" target=\"_blank\" rel=\"noreferrer noopener\">haga clic aqu\u00ed<\/a><\/li>\n<\/ul>\n\n\n\n<p>Si tiene alguna pregunta sobre esta pol\u00edtica de cookies, puede comprobar nuestra&nbsp;<strong>pol\u00edtica de privacidad<\/strong><\/p>\n","protected":false},"excerpt":{"rendered":"<p>A trav\u00e9s de este sitio web no se recaban datos de car\u00e1cter personal de los usuarios sin su conocimiento, ni se ceden a terceros. Con la finalidad de ofrecerle el mejor servicio y con el objeto de facilitar el uso, se analizan el n\u00famero de p\u00e1ginas visitadas, el n\u00famero de visitas, as\u00ed como la actividad [&hellip;]<\/p>\n","protected":false},"author":1,"featured_media":0,"parent":0,"menu_order":0,"comment_status":"closed","ping_status":"closed","template":"","meta":{"_et_pb_use_builder":"off","_et_pb_old_content":"","_et_gb_content_width":"","footnotes":""},"class_list":["post-93","page","type-page","status-publish","hentry"],"_links":{"self":[{"href":"https:\/\/ivanmart.es\/index.php\/wp-json\/wp\/v2\/pages\/93","targetHints":{"allow":["GET"]}}],"collection":[{"href":"https:\/\/ivanmart.es\/index.php\/wp-json\/wp\/v2\/pages"}],"about":[{"href":"https:\/\/ivanmart.es\/index.php\/wp-json\/wp\/v2\/types\/page"}],"author":[{"embeddable":true,"href":"https:\/\/ivanmart.es\/index.php\/wp-json\/wp\/v2\/users\/1"}],"replies":[{"embeddable":true,"href":"https:\/\/ivanmart.es\/index.php\/wp-json\/wp\/v2\/comments?post=93"}],"version-history":[{"count":1,"href":"https:\/\/ivanmart.es\/index.php\/wp-json\/wp\/v2\/pages\/93\/revisions"}],"predecessor-version":[{"id":94,"href":"https:\/\/ivanmart.es\/index.php\/wp-json\/wp\/v2\/pages\/93\/revisions\/94"}],"wp:attachment":[{"href":"https:\/\/ivanmart.es\/index.php\/wp-json\/wp\/v2\/media?parent=93"}],"curies":[{"name":"wp","href":"https:\/\/api.w.org\/{rel}","templated":true}]}}