{"id":95,"date":"2023-06-30T09:45:07","date_gmt":"2023-06-30T07:45:07","guid":{"rendered":"https:\/\/ivanmart.es\/?page_id=95"},"modified":"2023-06-30T09:45:12","modified_gmt":"2023-06-30T07:45:12","slug":"aviso-legal","status":"publish","type":"page","link":"https:\/\/ivanmart.es\/index.php\/aviso-legal\/","title":{"rendered":"Aviso Legal"},"content":{"rendered":"\n<p>En cumplimiento del art\u00edculo 10 de la Ley 34\/2002, del 11 de julio, de servicios de la Sociedad de la Informaci\u00f3n y Comercio Electr\u00f3nico (LSSIC E) se exponen a continuaci\u00f3n los datos identificativos de la empresa.<\/p>\n\n\n\n<p><strong>Datos identificativos:<\/strong><\/p>\n\n\n\n<ul class=\"wp-block-list\">\n<li><strong>IVANMART, S.L<\/strong><strong><\/strong><\/li>\n\n\n\n<li>Calle David Mart\u00ednez Albaladejo,2, 30730 San Javier &#8211; Murcia.<strong><\/strong><\/li>\n\n\n\n<li>N\u00famero de identificaci\u00f3n fiscal: B-16764888<strong><\/strong><\/li>\n\n\n\n<li>info@Iivanmart.es<strong><\/strong><\/li>\n\n\n\n<li>Objeto social: El ejercicio de las actividades profesionales de asesoramiento empresarial de alto rendimiento.<strong><\/strong><\/li>\n\n\n\n<li>Datos registrales: Registro Mercantil de Murcia, Inscripci\u00f3n 1 , Tomo 3532, folio 76, hoja 105912<\/li>\n<\/ul>\n\n\n\n<p><strong>Concepto de USUARIO<\/strong><\/p>\n\n\n\n<p>USUARIO es todo aquel que accede a la web, utilice o no los contenidos o informaci\u00f3n el ella dispuestos.&nbsp;<br>El USUARIO manifiesta y acepta expresamente que el acceso a la web supone en toda su extensi\u00f3n el compromiso inequ\u00edvoco de cumplimiento de todas y cada una de las condiciones generales de mero acceso y utilizaci\u00f3n de cualquiera de los contenidos&nbsp;facilitados y\/o prestados por la web. En todo caso, si el USUARIO no entendiera o asumiera el cumplimiento de todo o parte de las citadas condiciones generales no deber\u00e1 acceder ni utilizar la web y\/o los contenidos dispuestos y\/o prestados a trav\u00e9s de la misma. En consecuencia, el Usuario debe leer atentamente el presente Aviso Legal&nbsp;y&nbsp;Pol\u00edtica de Privacidad en cada una de las ocasiones en que se proponga utilizar la web, ya que puede sufrir modificaciones. En el caso de que pueda surgir alguna duda de la lectura del Aviso Legal y Pol\u00edtica de Privacidad, no duden en ponerse en contacto con el titular de la web en la direcci\u00f3n arriba indicada del responsable.<\/p>\n\n\n\n<p><strong>Objeto<\/strong><\/p>\n\n\n\n<p>IVANMART, S.L (\u201cCLIENTE\u201d) (En adelante el prestador), responsable del sitio web, pone a disposici\u00f3n de los usuarios el presente documento con el que pretende dar cumplimiento a las obligaciones dispuestas en la Ley 34\/2002, de Servicios de la Sociedad de la Informaci\u00f3n y del Comercio Electr\u00f3nico (LSSI-C E), as\u00ed como informar a todos los usuarios del sitio web respecto a cu\u00e1les son las condiciones de uso del sitio web.<\/p>\n\n\n\n<p>Toda persona que acceda a este sitio web asume el papel de usuario, comprometi\u00e9ndose a la observancia y cumplimiento riguroso de las disposiciones aqu\u00ed dispuestas, as\u00ed como a cualquiera otra disposici\u00f3n legal que fuera de aplicaci\u00f3n.<\/p>\n\n\n\n<p>El prestador se reserva el derecho a modificar cualquier tipo de informaci\u00f3n que pudiera aparecer en el sitio web, sin que exista obligaci\u00f3n de preavisar o poner en conocimiento de los usuarios dichas obligaciones, entendi\u00e9ndose como suficiente con la publicaci\u00f3n en el sitio web del prestador.<\/p>\n\n\n\n<p><strong>Responsabilidad<\/strong><\/p>\n\n\n\n<p>El prestador se exime de cualquier tipo de responsabilidad derivada de la informaci\u00f3n publicada en su sitio web, siempre que esta informaci\u00f3n haya sido manipulada o introducida por un tercero ajeno al mismo.<\/p>\n\n\n\n<p>El sitio web del prestador puede utilizar cookies (peque\u00f1os archivos de informaci\u00f3n que el servidor env\u00eda al ordenador de quien accede a la p\u00e1gina) para llevar a cabo determinadas funciones que son consideradas imprescindibles para el correcto funcionamiento y visualizaci\u00f3n del sitio. Las cookies utilizadas en el sitio web tienen, en todo caso, car\u00e1cter temporal con la \u00fanica finalidad de hacer m\u00e1s eficaz su transmisi\u00f3n ulterior y desaparecen poco despu\u00e9s de terminar la sesi\u00f3n del usuario. En ning\u00fan caso se utilizar\u00e1n las cookies para recoger informaci\u00f3n de car\u00e1cter personal.<\/p>\n\n\n\n<p>Desde el sitio web del cliente es posible que se redirija a contenidos de terceros sitios web. Dado que el prestador no puede controlar siempre los contenidos introducidos por los terceros en sus sitios web, \u00e9ste no asume ning\u00fan tipo de responsabilidad respecto a dichos contenidos. En todo caso, el prestador manifiesta que proceder\u00e1 a la retirada inmediata de cualquier contenido que pudiera contravenir la legislaci\u00f3n nacional o internacional, la moral o el orden p\u00fablico, procediendo a la retirada inmediata de la redirecci\u00f3n a dicho sitio web, poniendo en conocimiento de las autoridades competentes el contenido en cuesti\u00f3n.<\/p>\n\n\n\n<p>El prestador no se hace responsable de la informaci\u00f3n y contenidos almacenados, a t\u00edtulo enunciativo, pero no limitativo, en foros, chat\u00b4s, generadores de blogs, comentarios, redes sociales o cualesquiera otros medios que permita a terceros publicar contenidos de forma independiente en la p\u00e1gina web del prestador. No obstante, y en cumplimiento de lo dispuesto en el Art. 11 y 16 de la LSSI-CE, el prestador se pone a disposici\u00f3n de todos los usuarios, autoridades y fuerzas de seguridad, y colaborando de forma activa en la retirada o en su caso bloqueo de todos aquellos contenidos que pudieran afectar o contravenir la legislaci\u00f3n nacional, o internacional, derechos de terceros o la moral y el orden p\u00fablico. En caso de que el usuario considere que existe en el sitio web alg\u00fan contenido que pudiera ser susceptible de esta clasificaci\u00f3n, se ruega lo notifique de forma inmediata al administrador del sitio web.<\/p>\n\n\n\n<p>Este sitio web ha sido revisado y probado para que funcione correctamente. En principio, puede garantizarse el correcto funcionamiento los 365 d\u00edas del a\u00f1o, 24 horas al d\u00eda. No obstante, el prestador no descarta la posibilidad de que existan ciertos errores de programaci\u00f3n, o que acontezcan causas de fuerza mayor, cat\u00e1strofes naturales, huelgas, o circunstancias semejantes que hagan imposible el acceso a la p\u00e1gina web.<\/p>\n\n\n\n<p><strong>Propiedad Intelectual e industrial<\/strong><\/p>\n\n\n\n<p>El sitio web, incluyendo a t\u00edtulo enunciativo, pero no limitativo su programaci\u00f3n, edici\u00f3n, compilaci\u00f3n y dem\u00e1s elementos necesarios para su funcionamiento, los dise\u00f1os, logotipos, texto y\/o gr\u00e1ficos son propiedad del prestador o en su caso dispone de licencia o autorizaci\u00f3n expresa por parte de los autores. Todos los contenidos del sitio web se encuentran debidamente protegidos por la normativa de propiedad intelectual e industrial, as\u00ed como inscritos en los registros p\u00fablicos correspondientes.<\/p>\n\n\n\n<p>Independientemente de la finalidad para la que fueran destinados, la reproducci\u00f3n total o parcial, uso, explotaci\u00f3n, distribuci\u00f3n y comercializaci\u00f3n, requiere en todo caso de la autorizaci\u00f3n escrita previa por parte del prestador. Cualquier uso no autorizado previamente por parte del prestador ser\u00e1 considerado un incumplimiento grave de los derechos de propiedad intelectual o industrial del autor.<\/p>\n\n\n\n<p>Los dise\u00f1os, logotipos, texto y\/o gr\u00e1ficos ajenos al prestador y que pudieran aparecer en el sitio web, pertenecen a sus respectivos propietarios, siendo ellos mismos responsables de cualquier posible controversia que pudiera suscitarse respecto a los mismos. En todo caso, el prestador cuenta con la autorizaci\u00f3n expresa y previa por parte de los mismos.<\/p>\n\n\n\n<p>El prestador no autoriza expresamente a que terceros puedan redirigir directamente a los contenidos concretos del sitio web, debiendo en todo caso redirigir al sitio web principal del prestador.<\/p>\n\n\n\n<p>El prestador reconoce a favor de sus titulares los correspondientes derechos de propiedad industrial e intelectual, no implicando su sola menci\u00f3n o aparici\u00f3n en el sitio web la existencia de derechos o responsabilidad alguna del prestador sobre los mismos, como tampoco respaldo, patrocinio o recomendaci\u00f3n por parte del mismo.<\/p>\n\n\n\n<p><strong>Cookies<\/strong><\/p>\n\n\n\n<p>Las cookies&nbsp;son ficheros enviados a un navegador por medio de un servidor web para registrar algunas actividades del usuario en el sitio web. Las cookies que instalamos nosotros, nuestros socios comerciales u otras partes cuando visitas este sitio web no te reconocen personalmente como individuo ni da\u00f1an tu dispositivo de forma alguna. S\u00f3lo reconocen el dispositivo que utilizas, te permiten acceder a varias funciones importantes del sitio web, mantienen seguras \u00e1reas privadas del sitio web, recuerdan tus preferencias, personalizan el contenido del sitio web de forma que sea m\u00e1s pertinente para ti y nos permiten contar el n\u00famero de visitas que recibimos en cada p\u00e1gina y hacer an\u00e1lisis estad\u00edsticos an\u00f3nimos para mejorar nuestro servicio.<\/p>\n\n\n\n<p>El USUARIO manifiesta y autoriza expresa e inequ\u00edvocamente a que el titular utilice, si as\u00ed lo estima conveniente, \u201ccookies\u201d, cuando se acceda y\/o se utilice la web por parte del USUARIO. Dichas \u201ccookies\u201d podr\u00e1n ser rechazadas voluntariamente por el USUARIO. La utilizaci\u00f3n de dichas \u201ccookies\u201d por parte del titular se producir\u00e1 de manera disociada, de manera que no se llevar\u00e1 a cabo un proceso de asociaci\u00f3n entre el USUARIO y\/o su dispositivo de acceso y los datos personales del USUARIO. En ning\u00fan caso el rechazo voluntario de establecimiento de \u201cCookies\u201d perjudicar\u00e1 la posibilidad del USUARIO de acceder y utilizar los Contenidos. Para m\u00e1s informaci\u00f3n ver POLITICA DE COOKIES.<\/p>\n\n\n\n<p>Las cookies&nbsp;son ficheros enviados a un navegador por medio de un servidor web para registrar algunas actividades del usuario en el sitio web. Las cookies que instalamos nosotros, nuestros socios comerciales u otras partes cuando visitas este sitio web no te reconocen personalmente como individuo ni da\u00f1an tu dispositivo de forma alguna; S\u00f3lo reconocen el dispositivo que utilizas, te permiten acceder a varias funciones importantes del sitio web, mantienen seguras \u00e1reas privadas del sitio web, recuerdan tus preferencias, personalizan el contenido del sitio web de forma que sea m\u00e1s pertinente para ti y nos permiten contar el n\u00famero de visitas que recibimos en cada p\u00e1gina y hacer an\u00e1lisis estad\u00edsticos an\u00f3nimos para mejorar nuestro servicio.<\/p>\n\n\n\n<p>Aqu\u00ed te informamos del tipo de cookies que actualmente usamos en nuestro sitio web:&nbsp;Google Analytics.<br>Para&nbsp;activar\/desactivar las cookies&nbsp;tendr\u00e1s que hacerlo a trav\u00e9s de tu navegador de Internet. Puedes configurarlo para ser avisado en pantalla de la recepci\u00f3n de cookies y aceptarlas o no individualmente as\u00ed\u00ad como para impedir por defecto su instalaci\u00f3n en tu disco duro. En el caso de que tu navegador no acepte las cookies por defecto, tu experiencia en el sitio web puede ser limitada (por ejemplo, puede que no puedas realizar una compra satisfactoriamente).<\/p>\n\n\n\n<p><strong>Protecci\u00f3n de datos personales<\/strong><\/p>\n\n\n\n<p>El prestador se encuentra profundamente comprometido con el cumplimiento de la normativa espa\u00f1ola de protecci\u00f3n de datos de car\u00e1cter personal y REGLAMENTO (UE) 2016\/679 DEL PARLAMENTO EUROPEO Y DEL CONSEJO de 27 de abril de 2016, Ley Org\u00e1nica 3\/2018, de 5 de diciembre, de Protecci\u00f3n de Datos Personales y garant\u00eda de los derechos digitales, y garantiza el cumplimiento \u00edntegro de las obligaciones dispuestas.<\/p>\n\n\n\n<p>El prestador pone a disposici\u00f3n de los usuarios una cl\u00e1usula informativa informando a los usuarios, en el momento en que faciliten sus datos personales.<\/p>\n\n\n\n<p>Cuando se recaben datos personales a trav\u00e9s de https:\/\/ivanmart.es el usuario ser\u00e1 el \u00fanico responsable a causa de la cumplimentaci\u00f3n de los formularios con datos falsos, inexactos, incompletos o no actualizados, siendo informado previamente, de forma clara e inequ\u00edvoca, que los Datos Personales facilitados ser\u00e1n tratados &nbsp;con el fin de enviarle publicidad relacionada con nuestros productos y servicios por cualquier medio (postal, email o tel\u00e9fono) e invitarle a eventos organizados por la empresa. Los datos proporcionados se conservar\u00e1n mientras no solicite el cese de la actividad. Los datos no se ceder\u00e1n a terceros salvo en los casos en que exista una obligaci\u00f3n legal. Usted tiene derecho a obtener confirmaci\u00f3n sobre si en IVANMART,S.L estamos tratando sus datos personales por tanto tiene derecho a acceder a sus datos personales, rectificar los datos inexacto o solicitar su supresi\u00f3n cuando los datos ya no sean necesarios para los fines que fueron recogidos\u201d<\/p>\n\n\n\n<p>Puede presentar una reclamaci\u00f3n sobre protecci\u00f3n de datos ante la autoridad de control competente. Para ello, contacte con la autoridad responsable de la protecci\u00f3n de datos de su lugar de residencia o con la autoridad de protecci\u00f3n de datos de nuestra jurisdicci\u00f3n (citada a continuaci\u00f3n): Agencia Espa\u00f1ola de Protecci\u00f3n de Datos (AEPD): <a href=\"https:\/\/www.agpd.es\/\" target=\"_blank\" rel=\"noreferrer noopener\">www.agpd.es<\/a><\/p>\n\n\n\n<p><strong>Resoluciones<\/strong><\/p>\n\n\n\n<p>Para la resoluci\u00f3n de todas las controversias o cuestiones relacionadas con el presente sitio web o de las actividades en \u00e9l desarrolladas, ser\u00e1 de aplicaci\u00f3n la legislaci\u00f3n espa\u00f1ola, a la que se someten expresamente las partes, siendo competentes para la resoluci\u00f3n de todos los conflictos derivados o relacionados con su uso los Juzgados y Tribunales de San Javier.<\/p>\n\n\n\n<p><strong>Copyright \u00a9 2023 \u2013 IVANMART,S.L<\/strong><\/p>\n\n\n\n<p>Reservados todos los derechos de autor por las leyes y tratados internacionales de propiedad intelectual. Queda expresamente prohibida su copia, reproducci\u00f3n o difusi\u00f3n, total o parcial, por cualquier medio, sin la autorizaci\u00f3n escrita y expl\u00edcita de IVANMART,S.L<\/p>\n","protected":false},"excerpt":{"rendered":"<p>En cumplimiento del art\u00edculo 10 de la Ley 34\/2002, del 11 de julio, de servicios de la Sociedad de la Informaci\u00f3n y Comercio Electr\u00f3nico (LSSIC E) se exponen a continuaci\u00f3n los datos identificativos de la empresa. Datos identificativos: Concepto de USUARIO USUARIO es todo aquel que accede a la web, utilice o no los contenidos [&hellip;]<\/p>\n","protected":false},"author":1,"featured_media":0,"parent":0,"menu_order":0,"comment_status":"closed","ping_status":"closed","template":"","meta":{"_et_pb_use_builder":"off","_et_pb_old_content":"","_et_gb_content_width":"","footnotes":""},"class_list":["post-95","page","type-page","status-publish","hentry"],"_links":{"self":[{"href":"https:\/\/ivanmart.es\/index.php\/wp-json\/wp\/v2\/pages\/95","targetHints":{"allow":["GET"]}}],"collection":[{"href":"https:\/\/ivanmart.es\/index.php\/wp-json\/wp\/v2\/pages"}],"about":[{"href":"https:\/\/ivanmart.es\/index.php\/wp-json\/wp\/v2\/types\/page"}],"author":[{"embeddable":true,"href":"https:\/\/ivanmart.es\/index.php\/wp-json\/wp\/v2\/users\/1"}],"replies":[{"embeddable":true,"href":"https:\/\/ivanmart.es\/index.php\/wp-json\/wp\/v2\/comments?post=95"}],"version-history":[{"count":1,"href":"https:\/\/ivanmart.es\/index.php\/wp-json\/wp\/v2\/pages\/95\/revisions"}],"predecessor-version":[{"id":96,"href":"https:\/\/ivanmart.es\/index.php\/wp-json\/wp\/v2\/pages\/95\/revisions\/96"}],"wp:attachment":[{"href":"https:\/\/ivanmart.es\/index.php\/wp-json\/wp\/v2\/media?parent=95"}],"curies":[{"name":"wp","href":"https:\/\/api.w.org\/{rel}","templated":true}]}}