{"id":97,"date":"2023-06-30T09:47:07","date_gmt":"2023-06-30T07:47:07","guid":{"rendered":"https:\/\/ivanmart.es\/?page_id=97"},"modified":"2023-06-30T09:47:12","modified_gmt":"2023-06-30T07:47:12","slug":"politica-de-privacidad","status":"publish","type":"page","link":"https:\/\/ivanmart.es\/index.php\/politica-de-privacidad\/","title":{"rendered":"Pol\u00edtica de Privacidad"},"content":{"rendered":"\n<p>&#8211;<strong>Responsable<\/strong>:<\/p>\n\n\n\n<p>Identidad: <strong>IVanmart, S L<\/strong><\/p>\n\n\n\n<p>CIF: <strong>B<\/strong>16764888<\/p>\n\n\n\n<p>Dir. postal: Calle David Mart\u00ednez Albaladejo,2, 30730 San Javier &#8211; Murcia.<\/p>\n\n\n\n<p>-Informaci\u00f3n y Consentimiento:<strong> <\/strong>Mediante la lectura de la presente Pol\u00edtica de Privacidad, el Usuario queda informado sobre la forma en que Ivanmart SL recaba, trata y protege los datos de car\u00e1cter personal que le son facilitados a trav\u00e9s del sitio web <a href=\"https:\/\/lasedafamiliar.es\/\">\u00a0https:\/\/ivanmart.es <\/a>\u00a0(en adelante, el \u201csitio web\u201d), as\u00ed como los propios de su conexi\u00f3n y navegaci\u00f3n a trav\u00e9s del Sitio Web (en adelante, la \u201cnavegaci\u00f3n\u201d) y aquellos otros datos que pueda facilitar en un futuro a ivanmart, SL, o, a trav\u00e9s de cualquier otro medio habilitado.<\/p>\n\n\n\n<p>El Usuario debe leer con atenci\u00f3n esta Pol\u00edtica de Privacidad, que ha sido redactada de forma clara y sencilla, para facilitar su comprensi\u00f3n, y determinar libre y voluntariamente si desea facilitar sus datos personales, o los de terceros, a Laseda Familiar, SL<\/p>\n\n\n\n<p>&#8211; Tratamos datos personales principalmente para los siguientes fines:<\/p>\n\n\n\n<ul class=\"wp-block-list\">\n<li>Procesamiento de ofertas y consultas dirigidas a nosotros.<\/li>\n\n\n\n<li>Negociaciones contractuales y redacci\u00f3n de ofertas y contratos.<\/li>\n\n\n\n<li>Relaci\u00f3n con el cliente, es decir, p. ej., env\u00edo de informaci\u00f3n, boletines, ofertas y material publicitario, asistencia continua al cliente, organizaci\u00f3n de eventos, etc.<\/li>\n\n\n\n<li>Gestionar la suscripci\u00f3n a la newsletter y posterior remisi\u00f3n de la misma.<\/li>\n\n\n\n<li>Gestionar sus solicitudes de contacto a trav\u00e9s de los canales dispuestos para ello.<\/li>\n\n\n\n<li>Gestionar la realizaci\u00f3n de encuestas y\/o evaluaciones relativas a la calidad de los servicios prestados y\/o a la percepci\u00f3n de su imagen como compa\u00f1\u00eda.<\/li>\n\n\n\n<li>Administraci\u00f3n de empresas del Grupo.<\/li>\n<\/ul>\n\n\n\n<p>Los datos personales los recibimos<\/p>\n\n\n\n<p>\uf0a7&nbsp;&nbsp;&nbsp;&nbsp; de usted mismo: p. ej., en caso de consultas con nosotros, iniciaci\u00f3n de contratos, en el marco del cumplimiento de contratos celebrados con nosotros.<\/p>\n\n\n\n<p>\uf0a7&nbsp;&nbsp;&nbsp;&nbsp; de empresas del grupo.<\/p>\n\n\n\n<p>\uf0a7&nbsp;&nbsp;&nbsp;&nbsp; de terceros.<\/p>\n\n\n\n<p>\uf0a7&nbsp;&nbsp;&nbsp;&nbsp; En caso de que el Interesado facilite datos de terceros, manifiesta contar con el consentimiento de los mismos y se compromete a trasladarle la informaci\u00f3n contenida en la Pol\u00edtica de Privacidad, eximiendo a Laseda Familiar, S L de cualquier responsabilidad en este sentido.<\/p>\n\n\n\n<p>Para contratar nuestros servicios, solicitar informaci\u00f3n o publicidad, descargarse recursos gratuitos, suscribirse a eventos y al blog de la firma, ser\u00e1 necesario introducir los datos identificativos solicitados. Tambi\u00e9n ser\u00e1 necesaria la aceptaci\u00f3n de la Pol\u00edtica de Privacidad y de Aviso Legal de la web. Por ello, se recomienda al usuario que, con car\u00e1cter previo, lea detenidamente los referidos textos legales.<\/p>\n\n\n\n<p>De no proporcionarse los datos personales solicitados y de no aceptar los referidos textos legales no se podr\u00e1 ejecutar el contrato o la petici\u00f3n del usuario.<\/p>\n\n\n\n<p>&#8211; \u00bfQu\u00e9 datos del usuario trataremos?<\/p>\n\n\n\n<p>Trataremos las categor\u00edas de datos que detallamos del Interesado:<\/p>\n\n\n\n<ol class=\"wp-block-list\" type=\"1\">\n<li>&nbsp;Datos identificativos: nombre, apellidos, DNI, direcci\u00f3n postal, direcci\u00f3n de correo electr\u00f3nico, tel\u00e9fono.<\/li>\n\n\n\n<li>Datos de preferencias.<\/li>\n\n\n\n<li>Datos de informaci\u00f3n comercial, financieros, legales, y fiscales, seg\u00fan servicios solicitados.<\/li>\n\n\n\n<li>Datos bancarios, informaci\u00f3n sobre solvencia.<\/li>\n\n\n\n<li>Datos de preferencias.<\/li>\n<\/ol>\n\n\n\n<p>Transmisi\u00f3n de sus datos de car\u00e1cter personal:<\/p>\n\n\n\n<p>Para lograr los fines anteriormente indicados, podemos llegar a transmitir sus datos personales a los siguientes destinatarios:<\/p>\n\n\n\n<p>o&nbsp;&nbsp;&nbsp;&nbsp;&nbsp; Empresas que pertenecen a nuestro grupo y sus empleados.<\/p>\n\n\n\n<p>o&nbsp;&nbsp;&nbsp;&nbsp;&nbsp; Terceros empleados por nosotros, p. ej., proveedores de servicios de TI, proveedores de servicios de impresi\u00f3n, centros de c\u00f3mputo, hosting, software y proveedores de servicios, p. ej., para la distribuci\u00f3n de boletines, abogados, asesores impositivos, notarios, auditores, etc.<\/p>\n\n\n\n<p>La transmisi\u00f3n tambi\u00e9n se realiza, en parte, a destinatarios fuera de Espa\u00f1a y, en casos excepcionales, a terceros pa\u00edses no seguros. En este caso, sin embargo, nos aseguramos de que haya las salvaguardas de privacidad adecuadas, p. ej., mediante normas vinculantes de protecci\u00f3n de datos corporativos o cl\u00e1usulas de protecci\u00f3n de datos est\u00e1ndar de la UE.<\/p>\n\n\n\n<p>\u00bfPor cu\u00e1nto tiempo conservaremos sus datos?<strong><\/strong><\/p>\n\n\n\n<p>Sus datos personales ser\u00e1n mantenidos mientras se mantenga la relaci\u00f3n mercantil, mientras no se solicite su supresi\u00f3n por el Interesado \u00f3 durante el plazo necesario para el cumplimiento de cada finalidad. Si prest\u00f3 consentimiento para el env\u00edo del bolet\u00edn informativo, sus datos ser\u00e1n conservados mientras no se solicite su supresi\u00f3n por el interesado. Conserv\u00e1ndose para la atenci\u00f3n de las posibles responsabilidades nacidas del tratamiento, durante el plazo de prescripci\u00f3n de \u00e9stas.<\/p>\n\n\n\n<p>Legitimaci\u00f3n: Las bases jur\u00eddicas para el tratamiento que hacemos de sus datos son:<\/p>\n\n\n\n<p>o&nbsp;&nbsp;&nbsp;&nbsp;&nbsp; Cumplimiento del contrato e implementaci\u00f3n de medidas precontractuales (Art\u00edculo 6, apartado 1, letra b del RGPD). por ejemplo, cuando le prestamos el servicio contratado, procesamos reclamaciones y avisos de da\u00f1os, presentamos facturas, hacemos gesti\u00f3n de calidad, elaboramos ofertas, procesamos y respondemos sus consultas, etc.<\/p>\n\n\n\n<p>o&nbsp;&nbsp;&nbsp;&nbsp;&nbsp; Nuestro m\u00e1ximo inter\u00e9s leg\u00edtimo (Art\u00edculo 6, apartado 1, letra f del RGPD), por ejemplo, cuando le brindamos informaci\u00f3n y ofertas personalizadas, a menos que se requiera consentimiento; tratamiento de los datos que son necesarios para que las funciones de nuestros sitios web est\u00e9n garantizadas, etc.<\/p>\n\n\n\n<p>o&nbsp;&nbsp;&nbsp;&nbsp;&nbsp; Obligaciones legales (art\u00edculo 6, apartado 1, letra c del RGPD): Administraciones p\u00fablicas en los casos exigidos por Ley.<\/p>\n\n\n\n<p>o&nbsp;&nbsp;&nbsp;&nbsp;&nbsp; En la medida en que no exista ninguna de las bases legales antes mencionadas, nuestro tratamiento de datos se basa en su consentimiento de conformidad con el Art\u00edculo 6, apartado 1, letra a del RGPD. Usted tiene, por supuesto, derecho a revocar su consentimiento en cualquier momento. Sin embargo, la revocaci\u00f3n del consentimiento no afecta la legalidad del tratamiento llevado a cabo sobre la base del consentimiento hasta la revocaci\u00f3n (es decir, la revocaci\u00f3n no tiene efecto retroactivo).<\/p>\n\n\n\n<p>Derechos:&nbsp; Las personas interesadas tienen derecho a acceder a sus datos personales, as\u00ed como a solicitar la rectificaci\u00f3n de los datos inexactos o, en su caso, solicitar su supresi\u00f3n cuando, entre otros motivos, los datos ya no sean necesarios para los fines que fueron recogidos.<\/p>\n\n\n\n<p>En determinadas circunstancias, los interesados podr\u00e1n solicitar la limitaci\u00f3n del tratamiento de sus datos, en cuyo caso podremos conservar para el ejercicio o la defensa de reclamaciones.<\/p>\n\n\n\n<p>En determinadas circunstancias y por motivos relacionados con su situaci\u00f3n particular, los interesados podr\u00e1n oponerse al tratamiento de sus datos, as\u00ed como a su portabilidad.<\/p>\n\n\n\n<p><br>Para el ejercicio de sus derechos pueden contactar enviar un escrito a ivanmart, SL, C\/David Mart\u00ednez Albaladejo, n\u00fam. 2, 30730 San Javier &#8211; Murcia, o bien por medio de un correo electr\u00f3nico a la direcci\u00f3n info@lasedafamiliar.es, en ambos casos, con la Referencia \u201cProtecci\u00f3n de Datos\u201d, adjuntando fotocopia de su documento de identidad o pasaporte en vigor.<\/p>\n\n\n\n<p>Si no est\u00e1 satisfecho con la manera en que utilizamos su informaci\u00f3n o con nuestra respuesta ante el ejercicio de cualquiera de estos derechos, puede presentar una reclamaci\u00f3n ante la Agencia Espa\u00f1ola de Protecci\u00f3n de Datos (C\/ Jorge Juan 6, C.P. 28001 \u2013 Madrid) o en&nbsp;<a href=\"https:\/\/www.agpd.es\/\">www.agpd.es<\/a>.<\/p>\n\n\n\n<p>C\u00f3mo protegemos la informaci\u00f3n personal<\/p>\n\n\n\n<p>ivanmart, SL, tiene implantadas las medidas de seguridad t\u00e9cnicas y organizativas necesarias para evitar que los datos personales de los usuarios puedan perderse o utilizarse de forma indebida. Por ejemplo, sus datos se guardan en un entorno operativo seguro que no es accesible al p\u00fablico. Mantenemos protecciones administrativas, t\u00e9cnicas y f\u00edsicas dise\u00f1adas para proteger la informaci\u00f3n personal que usted proporcione, contra la destrucci\u00f3n, p\u00e9rdida, alteraci\u00f3n, acceso, divulgaci\u00f3n o uso accidentales, ilegales o no autorizados de esta.<\/p>\n\n\n\n<p>Toda la informaci\u00f3n de nuestros clientes se considera como un activo de la empresa por ello utilizamos t\u00e9cnicas de seguridad de la informaci\u00f3n y protecci\u00f3n inform\u00e1tica para proteger nuestros sistemas contra accesos no autorizados tanto de usuarios externos como de empleados que leg\u00edtimamente no est\u00e9n autorizados para hacer uso de dicha informaci\u00f3n.<\/p>\n\n\n\n<p>Ivanmart, SL se reserva el derecho a modificar la presente pol\u00edtica para adaptarla a novedades legislativas o jurisprudenciales, as\u00ed como a los servicios ofertados.<\/p>\n","protected":false},"excerpt":{"rendered":"<p>&#8211;Responsable: Identidad: IVanmart, S L CIF: B16764888 Dir. postal: Calle David Mart\u00ednez Albaladejo,2, 30730 San Javier &#8211; Murcia. -Informaci\u00f3n y Consentimiento: Mediante la lectura de la presente Pol\u00edtica de Privacidad, el Usuario queda informado sobre la forma en que Ivanmart SL recaba, trata y protege los datos de car\u00e1cter personal que le son facilitados a [&hellip;]<\/p>\n","protected":false},"author":1,"featured_media":0,"parent":0,"menu_order":0,"comment_status":"closed","ping_status":"closed","template":"","meta":{"_et_pb_use_builder":"off","_et_pb_old_content":"","_et_gb_content_width":"","footnotes":""},"class_list":["post-97","page","type-page","status-publish","hentry"],"_links":{"self":[{"href":"https:\/\/ivanmart.es\/index.php\/wp-json\/wp\/v2\/pages\/97","targetHints":{"allow":["GET"]}}],"collection":[{"href":"https:\/\/ivanmart.es\/index.php\/wp-json\/wp\/v2\/pages"}],"about":[{"href":"https:\/\/ivanmart.es\/index.php\/wp-json\/wp\/v2\/types\/page"}],"author":[{"embeddable":true,"href":"https:\/\/ivanmart.es\/index.php\/wp-json\/wp\/v2\/users\/1"}],"replies":[{"embeddable":true,"href":"https:\/\/ivanmart.es\/index.php\/wp-json\/wp\/v2\/comments?post=97"}],"version-history":[{"count":1,"href":"https:\/\/ivanmart.es\/index.php\/wp-json\/wp\/v2\/pages\/97\/revisions"}],"predecessor-version":[{"id":98,"href":"https:\/\/ivanmart.es\/index.php\/wp-json\/wp\/v2\/pages\/97\/revisions\/98"}],"wp:attachment":[{"href":"https:\/\/ivanmart.es\/index.php\/wp-json\/wp\/v2\/media?parent=97"}],"curies":[{"name":"wp","href":"https:\/\/api.w.org\/{rel}","templated":true}]}}